{"id":282,"date":"2025-05-14T08:13:59","date_gmt":"2025-05-14T08:13:59","guid":{"rendered":"https:\/\/memoryhit.com\/aviso-legal\/"},"modified":"2025-05-14T08:13:59","modified_gmt":"2025-05-14T08:13:59","slug":"aviso-legal","status":"publish","type":"page","link":"https:\/\/memoryhit.com\/ca\/aviso-legal\/","title":{"rendered":"Aviso Legal"},"content":{"rendered":"<blockquote>\n<h1><strong>AVISO LEGAL<\/strong><\/h1>\n<\/blockquote>\n<p>&nbsp;<\/p>\n<p>En cumplimiento de la Ley 34\/2002, con \u00faltima actualizaci\u00f3n, 09\/05\/2023, de servicios de la sociedad de la informaci\u00f3n y de comercio electr\u00f3nico,\u00a0<strong>EIRO 2006 SL<\/strong><strong>,<\/strong>\u00a0le informa que es titular de los sitios web:\u00a0<strong><a href=\"https:\/\/memoryhit.com\/ca\/\">https:\/\/eirofilms.com<\/a>\/<\/strong><strong>. \u00a0<\/strong>De acuerdo con la exigencia del art\u00edculo 10 de la mencionada Ley, notifica los siguientes datos: NIF\/CIF: <strong>B64424419<\/strong> e inscrita en el Registro Mercantil de <strong>BARCELONA<\/strong><strong>.\u00a0<\/strong>Domicilio social: <strong>C\/ Bruguera, 65 \u00b7 08370 Calella, Barcelona<\/strong>. La direcci\u00f3n de correo electr\u00f3nico de contacto con la empresa es:\u00a0<strong><u>info@eirofilms.com<\/u><\/strong>.<\/p>\n<ol>\n<li><strong><u>USUARIO Y R\u00c9GIMEN DE RESPONSABILIDADES<\/u><\/strong><\/li>\n<\/ol>\n<p>La navegaci\u00f3n por acceso o uso de la p\u00e1gina web\u00a0 y todos los subdominios y directorios incluidos bajo el mismo dominio, as\u00ed como los servicios o contenidos que a trav\u00e9s de \u00e9l se puedan obtener y todos los portales de dominio propio bajo titularidad de <strong>EIRO 2006 SL<\/strong>, otorga la condici\u00f3n de\u00a0<strong>Usuario<\/strong>, por la que se aceptan, al navegar por la p\u00e1gina web de <strong>EIRO 2006 SL<\/strong>, todas las condiciones de uso que se establecen sin perjudicar la aplicaci\u00f3n de la correspondiente normativa de obligado cumplimiento legal seg\u00fan el caso.<\/p>\n<p>Por eso, si las consideraciones detalladas en este aviso legal no son de su conformidad, rogamos no haga uso del portal, ya que cualquier uso que haga del mismo o los servicios y contenidos en \u00e9l incluidos implicar\u00e1 la aceptaci\u00f3n de los t\u00e9rminos legales recogidos en este texto.<\/p>\n<p>La p\u00e1gina web de <strong>EIRO 2006 SL,<\/strong> proporciona gran diversidad de informaci\u00f3n, servicios y datos. El usuario asume su responsabilidad en el uso correcto de los sitios web. Esta responsabilidad se extender\u00e1 a: La veracidad y licitud de las informaciones aportadas por el usuario en los formularios de registro y contacto de <strong>EIRO 2006 SL,<\/strong>\u00a0para acceder a determinados contenidos o servicios ofrecidos por la web.<\/p>\n<p>El uso de la informaci\u00f3n, servicios y datos ofrecidos por, <strong>EIRO 2006 SL\u00a0<\/strong>no ir\u00e1n contra las disposiciones de estas cl\u00e1usulas, la Ley, la moral, las buenas costumbres o el orden p\u00fablico que puedan suponer lesi\u00f3n de los derechos de terceros o del funcionamiento de los sitios web. A tal efecto, el Usuario se abstendr\u00e1 de utilizar cualquiera de los contenidos con fines il\u00edcitos y \u00a0prohibidos en este texto, lesivos de los derechos e intereses de terceros, o que de cualquier forma puedan da\u00f1ar, inutilizar, sobrecargar, deteriorar o impedir la normal utilizaci\u00f3n de los contenidos, de otros Usuarios o de cualquier usuario de Internet (hardware y software).<\/p>\n<p>Los usuarios responder\u00e1n de los da\u00f1os y perjuicios de toda naturaleza que la entidad propietaria de la web pueda sufrir, directa o indirectamente, como consecuencia de incumplimiento de cualquiera de las obligaciones derivadas del uso de la Web y de esta pol\u00edtica de privacidad.<\/p>\n<p>En particular, y a t\u00edtulo meramente indicativo y no exhaustivo, el Usuario se compromete a no transmitir, difundir o poner a disposici\u00f3n de terceros informaciones, datos, contenidos, mensajes, gr\u00e1ficos, dibujos, archivos de sonido y\/o imagen, fotograf\u00edas de esta web.<\/p>\n<p>&nbsp;<\/p>\n<ol>\n<li><strong><u>POL\u00cdTICA DE ENLACES Y EXENCIONES DE RESPONSABILIDAD<\/u><\/strong><\/li>\n<\/ol>\n<p><strong>EIRO 2006 SL <\/strong>no se hace responsable del contenido de las p\u00e1ginas web a las que pueda acceder el usuario a trav\u00e9s de los enlaces establecidos en sus sitios web y declara que en ning\u00fan caso examinar\u00e1 ni ejercitar\u00e1 ning\u00fan tipo de control sobre el contenido de otras p\u00e1ginas de la red.<\/p>\n<p>Asimismo, tampoco garantiza la disponibilidad t\u00e9cnica, exactitud, veracidad, validez o legalidad de p\u00e1ginas ajenas a su propiedad a las que se pueda acceder a trav\u00e9s de los enlaces de esta web.<\/p>\n<p><strong>EIRO 2006 SL<\/strong> declara que ha adoptado todas las medidas necesarias para evitar cualquier da\u00f1o que pueda derivarse de la navegaci\u00f3n por su p\u00e1gina web. En consecuencia, <strong>EIRO 2006 SL<\/strong>\u00a0no se hace responsable, en ning\u00fan caso, de los eventuales da\u00f1os que pueda sufrir el usuario a causa de la navegaci\u00f3n por Internet.<\/p>\n<p><strong>EIRO 2006 SL<\/strong> no se responsabiliza de los da\u00f1os o perjuicios de cualquier tipo producidos en el Usuario que traigan causa de fallos o desconexiones en las redes de telecomunicaciones que produzcan la suspensi\u00f3n, cancelaci\u00f3n, instalaci\u00f3n o interrupci\u00f3n del servicio de la web durante la prestaci\u00f3n del mismo o con car\u00e1cter previo.<\/p>\n<p>El acceso a la web\u00a0<strong>https:\/\/memoryhit.com\/<\/strong>\u00a0no implica la obligaci\u00f3n por parte de la entidad de controlar la ausencia de virus o cualquier otro elemento inform\u00e1tico da\u00f1ino. Corresponde al Usuario, en todo caso, la disponibilidad de herramientas adecuadas para la detecci\u00f3n y desinfecci\u00f3n y protecci\u00f3n de programas inform\u00e1ticos da\u00f1inos.<\/p>\n<p><strong>R\u00c8TOLS DOMEN, SL<\/strong>\u00a0no se responsabiliza de los da\u00f1os producidos en los equipos inform\u00e1ticos, documentos y\/o ficheros de los Usuarios o de terceros durante la prestaci\u00f3n del servicio en este Portal web.<\/p>\n<ol start=\"2\">\n<li><strong><u>PUBLICIDAD<\/u><\/strong><\/li>\n<\/ol>\n<p>La web\u00a0<strong>https:\/\/memoryhit.com\/<\/strong>\u00a0podr\u00e1 alojar contenidos publicitarios o patrocinados. Los anunciantes o patrocinadores son los \u00fanicos responsables de asegurarse que el material remitido para su inclusi\u00f3n en la web cumple con las leyes que en cada caso puedan ser de aplicaci\u00f3n.<\/p>\n<p><strong>EIRO 2006 SL<\/strong> no ser\u00e1 responsable de cualquier error, inexactitud o irregularidad que puedan contener los contenidos publicitarios o de los patrocinadores en esta web.<\/p>\n<ol start=\"3\">\n<li><strong><u>MODIFICACIONES<\/u><\/strong><\/li>\n<\/ol>\n<p><strong>EIRO 2006 SL<\/strong> se reserva el derecho a realizar las modificaciones que considere oportunas, sin aviso previo, en el contenido de su sitio web, tanto en cuanto a los contenidos como por sus condiciones de uso o por las condiciones generales de contrataci\u00f3n. Dichas modificaciones podr\u00e1n realizarse, a trav\u00e9s de sus sitios web, de cualquier forma admisible en derecho y ser\u00e1n de obligado cumplimiento durante el tiempo que est\u00e9n publicadas en la web y hasta que no sean modificadas por otras posteriores.<\/p>\n<ol start=\"4\">\n<li><strong><u>PROPIEDAD INTELECTUAL<\/u><\/strong><\/li>\n<\/ol>\n<p>Los derechos de propiedad intelectual e industrial derivados de todos los textos, im\u00e1genes, as\u00ed como de los medios y formas de presentaci\u00f3n y montaje de sus p\u00e1ginas pertenecen, por s\u00ed mismos o como cesionaria, a <strong>EIRO 2006 SL.<\/strong><\/p>\n<p>Ser\u00e1n, por tanto, obras protegidas con propiedad intelectual por el ordenamiento jur\u00eddico espa\u00f1ol y se les podr\u00e1 aplicar tanto la normativa espa\u00f1ola y comunitaria en este campo, como los tratados internacionales relativos a la materia y suscritos por Espa\u00f1a, Real Decreto Legislativo 1\/1996, \u00faltima actualizaci\u00f3n, 30\/03\/2023.<\/p>\n<p>Directiva-UE-2019\/790 del Parlamento Europeo y del Consejo de 17 de abril de 2019 sobre los derechos de autor y derechos afines en el mercado \u00fanico digital.<\/p>\n<p>Todos los derechos reservados. En cumplimiento de la Ley de la Propiedad Intelectual se proh\u00edbe expresamente la reproducci\u00f3n, distribuci\u00f3n, comunicaci\u00f3n p\u00fablica y utilizaci\u00f3n de la totalidad o parte de los contenidos de sus p\u00e1ginas web sin el consentimiento expl\u00edcito de <strong>EIRO 2006 SL.<\/strong><\/p>\n<p>As\u00ed mismo, <strong>EIRO 2006 SL<\/strong>\u00a0se reserva la facultad de presentar las acciones civiles o penales que considere oportunas por la utilizaci\u00f3n indebida de sus p\u00e1ginas web y contenidos o por el incumplimiento de estas condiciones.<\/p>\n<ol start=\"5\">\n<li><strong><u>ACCIONES LEGAL, LEGISLACI\u00d3N APLICABLE Y JURISDICCI\u00d3N<\/u><\/strong><\/li>\n<\/ol>\n<p>La relaci\u00f3n entre los usuarios y <strong>EIRO 2006 SL<\/strong> se regir\u00e1 por la normativa espa\u00f1ola vigente y ser\u00e1n competentes para decidir sobre cualquier controversia que pueda surgir entre el usuario y <strong>EIRO 2006 SL,\u00a0<\/strong>los juzgados o tribunales del Partido Judicial de la localidad de\u00a0<strong>CALELLA<\/strong><strong>.<\/strong><\/p>\n<ol start=\"6\">\n<li><strong><u>RESERVA DE COOKIES<\/u><\/strong><\/li>\n<\/ol>\n<p><strong>EIRO 2006 SL <\/strong>utiliza cookies y otras tecnolog\u00edas similares que almacenan y recuperan informaci\u00f3n cuando navegas. Estas tecnolog\u00edas pueden servir para finalidades diversas, como reconocer a un usuario y obtener informaci\u00f3n de sus h\u00e1bitos de navegaci\u00f3n. Los usos concretos que hacemos de estas tecnolog\u00edas se describen en la informaci\u00f3n de la Pol\u00edtica de Cookies. Siguiendo la pol\u00edtica de protecci\u00f3n de datos de la entidad, <strong>EIRO 2006 SL<\/strong>\u00a0informa que las cookies se asocian al usuario an\u00f3nimo y a su ordenador y no proporcionan por s\u00ed mismas los datos personales del usuario.<\/p>\n<p>La informaci\u00f3n de nuestra \u2018pol\u00edtica de cookies\u2019 informa al usuario del tiempo que estas\u00a0 cookies permanecer\u00e1n activas en el terminal del usuario y de la posibilidad de que terceros tengan acceso a la informaci\u00f3n que \u00e9stas almacenan. Por ello se modific\u00f3 el art\u00edculo 5, apartado 3, de la Directiva 2002\/58 por la Directiva 2009\/136, y ahora por la Gu\u00eda de la AEPD.<\/p>\n<p>La \u00faltima Gu\u00eda sobre el uso de cookies de la AEPD de julio de 2023, que incorpora el criterio del Comit\u00e9 Europeo en Protecci\u00f3n de Datos (CEPD), que recoge las acciones de aceptar o rechazar las cookies, ambas acciones deben estar al mismo nivel, sin que sea m\u00e1s complicado\u00a0 rechazarlas o aceptarlas, el usuario tiene la posibilidad de aceptar o rechazar expl\u00edcitamente el uso de las cookies y recibir m\u00e1s informaci\u00f3n de las mismas. Adicionalmente, el Usuario tiene la posibilidad de configurar su navegador de manera que sea informado de la recepci\u00f3n de cookies, con la posibilidad, si as\u00ed lo desea, de impedir que se instalen en su disco duro.<\/p>\n<ol start=\"7\">\n<li><strong><u>POLITICA DE PRIVACIDAD<\/u><\/strong><\/li>\n<\/ol>\n<p>De conformidad con lo establecido por RGPD-UE-2016\/679<strong>,\u00a0<\/strong>la LOPD 3\/2018, de Garant\u00eda de los Derechos Digitales, la Ley 34\/2002, con la \u00faltima actualizaci\u00f3n, 09\/05\/2023, de Servicios de la Sociedad de la Informaci\u00f3n y el Comercio Electr\u00f3nico, y la Ley 11\/2022, General de Telecomunicaciones, <strong>EIRO 2006 SL<\/strong>\u00a0informa a los usuarios de sus websites de que estamos obligados a guardar secreto profesional sobre los datos personales recabados por la entidad mediante los formularios de registro o contacto en sus p\u00e1ginas. Esta obligaci\u00f3n continuar\u00e1 incluso despu\u00e9s de haber finalizado nuestra relaci\u00f3n comercial o contractual, y en ning\u00fan caso podremos hacer p\u00fablicos los datos personales de los visitantes y clientes a la web sin su consentimiento.<\/p>\n<p><strong>Consentimiento del menor:<\/strong>\u00a0Seg\u00fan el art\u00edculo 6 apartado f, y el art\u00edculo 8, apartado 1, del RGPD-UE-2016\/679, y por la LOPD-3\/2018, de Garant\u00eda de los Derechos Digitales en su art\u00edculo 84, (protecci\u00f3n de los menores en Interne), exponen que cuando el interesado sea un menor de 16 a\u00f1os, no podr\u00e1 prestar su consentimiento para que un comercio online recoja sus datos personales, tal tratamiento \u00fanicamente se considerar\u00e1 l\u00edcito si el consentimiento lo dio o autoriz\u00f3 el titular o titulares de la patria potestad o tutela sobre el menor, deben disponer de los medios para obtener el consentimiento expl\u00edcito de sus padres o tutores; por ejemplo, mediante un mensaje de correo electr\u00f3nico dirigido a alguno de ellos que contenga un enlace a un formulario electr\u00f3nico, salvo que el menor tenga como m\u00ednimo 16 a\u00f1os cumplidos que ser\u00e1 licito su consentimiento.<\/p>\n<p><strong>Consentimiento de los interesados:<\/strong>\u00a0De acuerdo con lo establecido en la Ley 34\/2002, de Servicios de la Sociedad de la Informaci\u00f3n y el Comercio Electr\u00f3nico en su art\u00edculo 21<strong>,\u00a0<\/strong>y por el RGPD-UE-2016\/679, art\u00edculos, 5, 6, 7 y 13, pedimos su consentimiento para poder realizar comunicaciones publicitarias o informaci\u00f3n de nuestra entidad que consideremos puedan ser de su inter\u00e9s, por correo electr\u00f3nico o por cualquier otro medio de comunicaci\u00f3n electr\u00f3nica equivalente. Este consentimiento lo otorgar\u00e1, o no, mediante la aceptaci\u00f3n de la Pol\u00edtica de Privacidad en el citado\u00a0<strong>check o Bot\u00f3n<\/strong>, al pie del formulario de registro y\/o contacto.<\/p>\n<p>Estos datos, ser\u00e1n introducidos en un fichero automatizado bajo la responsabilidad del administrador de la web de <strong>EIRO 2006 SL<\/strong> con la finalidad de poder facilitar, agilizar y cumplir los compromisos establecidos entre ambas partes. Asimismo, <strong>EIRO 2006 SL<\/strong>\u00a0informa de la posibilidad de ejercer los derechos de\u00a0<strong>acceso<\/strong>, que permite al usuario web, conocer que datos personales tiene el administrador de esta p\u00e1gina y en tal caso contestara en un plazo de 30 d\u00edas, siempre que conserven los datos personales,\u00a0<strong>rectificaci\u00f3n<\/strong>, que permite corregir errores en los datos personales, modificar los que sean inexactos o incompletos y garantizar la certeza de la informaci\u00f3n,\u00a0<strong>oposici\u00f3n<\/strong>\u00a0que podr\u00e1 solicitar y conseguir que no lleve a cabo el tratamiento de datos,\u00a0<strong>supresi\u00f3n<\/strong>\u00a0que permite que se supriman los datos inadecuados o excesivos,\u00a0<strong>limitaci\u00f3n,\u00a0<\/strong>por el que puede solicitar que se limite el tratamiento de sus datos cuando haya ejercido su derecho a la rectificaci\u00f3n de sus datos personales, y\u00a0<strong>portabilidad<\/strong>, para que el usuario pueda obtener una copia de los datos personales que haya facilitado en la web a fin de poder transmitirlos a otros servicios, estos derechos se podr\u00e1n ejercer por cualquier medio que deje constancia de su env\u00edo y de su recepci\u00f3n a la direcci\u00f3n del administrador de esta web o al Correo electr\u00f3nico\u00a0<u>info@eirofilms.com<\/u><strong>, \u200b\u200b<\/strong>aportando fotocopia del DNI o documentaci\u00f3n alternativa que acredite su identidad. Los interesados podr\u00e1n presentar reclamaci\u00f3n ante la Autoridad de Control, AEPD, ACPD y AVPD.<\/p>\n<p>El env\u00edo de sus datos mediante el\/los formularios de nuestra web estar\u00e1 supeditado obligatoriamente a que haya le\u00eddo\/aceptado la Pol\u00edtica de Privacidad, mediante un check box obligatorio al pie del formulario de registro o contacto.<\/p>\n","protected":false},"excerpt":{"rendered":"<p>AVISO LEGAL &nbsp; En cumplimiento de la Ley 34\/2002, con \u00faltima actualizaci\u00f3n, 09\/05\/2023, de servicios de la sociedad de la informaci\u00f3n y de comercio electr\u00f3nico,\u00a0EIRO 2006 SL,\u00a0le informa que es [&hellip;]<\/p>\n","protected":false},"author":2,"featured_media":0,"parent":0,"menu_order":0,"comment_status":"closed","ping_status":"closed","template":"","meta":{"footnotes":""},"class_list":["post-282","page","type-page","status-publish","hentry"],"yoast_head":"<!-- This site is optimized with the Yoast SEO plugin v27.4 - https:\/\/yoast.com\/product\/yoast-seo-wordpress\/ -->\n<title>Aviso Legal - memoryhit<\/title>\n<meta name=\"robots\" content=\"index, follow, max-snippet:-1, max-image-preview:large, max-video-preview:-1\" \/>\n<link rel=\"canonical\" href=\"https:\/\/memoryhit.com\/ca\/aviso-legal\/\" \/>\n<meta property=\"og:locale\" content=\"ca_ES\" \/>\n<meta property=\"og:type\" content=\"article\" \/>\n<meta property=\"og:title\" content=\"Aviso Legal - memoryhit\" \/>\n<meta property=\"og:description\" content=\"AVISO LEGAL &nbsp; En cumplimiento de la Ley 34\/2002, con \u00faltima actualizaci\u00f3n, 09\/05\/2023, de servicios de la sociedad de la informaci\u00f3n y de comercio electr\u00f3nico,\u00a0EIRO 2006 SL,\u00a0le informa que es [&hellip;]\" \/>\n<meta property=\"og:url\" content=\"https:\/\/memoryhit.com\/ca\/aviso-legal\/\" \/>\n<meta property=\"og:site_name\" content=\"memoryhit\" \/>\n<meta name=\"twitter:card\" content=\"summary_large_image\" \/>\n<meta name=\"twitter:label1\" content=\"Temps estimat de lectura\" \/>\n\t<meta name=\"twitter:data1\" content=\"11 minuts\" \/>\n<script type=\"application\/ld+json\" class=\"yoast-schema-graph\">{\"@context\":\"https:\\\/\\\/schema.org\",\"@graph\":[{\"@type\":\"WebPage\",\"@id\":\"https:\\\/\\\/memoryhit.com\\\/ca\\\/aviso-legal\\\/\",\"url\":\"https:\\\/\\\/memoryhit.com\\\/ca\\\/aviso-legal\\\/\",\"name\":\"Aviso Legal - memoryhit\",\"isPartOf\":{\"@id\":\"https:\\\/\\\/memoryhit.com\\\/ca\\\/#website\"},\"datePublished\":\"2025-05-14T08:13:59+00:00\",\"breadcrumb\":{\"@id\":\"https:\\\/\\\/memoryhit.com\\\/ca\\\/aviso-legal\\\/#breadcrumb\"},\"inLanguage\":\"ca\",\"potentialAction\":[{\"@type\":\"ReadAction\",\"target\":[\"https:\\\/\\\/memoryhit.com\\\/ca\\\/aviso-legal\\\/\"]}]},{\"@type\":\"BreadcrumbList\",\"@id\":\"https:\\\/\\\/memoryhit.com\\\/ca\\\/aviso-legal\\\/#breadcrumb\",\"itemListElement\":[{\"@type\":\"ListItem\",\"position\":1,\"name\":\"Portada\",\"item\":\"https:\\\/\\\/memoryhit.com\\\/ca\\\/inicio\\\/\"},{\"@type\":\"ListItem\",\"position\":2,\"name\":\"Aviso Legal\"}]},{\"@type\":\"WebSite\",\"@id\":\"https:\\\/\\\/memoryhit.com\\\/ca\\\/#website\",\"url\":\"https:\\\/\\\/memoryhit.com\\\/ca\\\/\",\"name\":\"Eiro Films\",\"description\":\"\",\"potentialAction\":[{\"@type\":\"SearchAction\",\"target\":{\"@type\":\"EntryPoint\",\"urlTemplate\":\"https:\\\/\\\/memoryhit.com\\\/ca\\\/?s={search_term_string}\"},\"query-input\":{\"@type\":\"PropertyValueSpecification\",\"valueRequired\":true,\"valueName\":\"search_term_string\"}}],\"inLanguage\":\"ca\"}]}<\/script>\n<!-- \/ Yoast SEO plugin. -->","yoast_head_json":{"title":"Aviso Legal - memoryhit","robots":{"index":"index","follow":"follow","max-snippet":"max-snippet:-1","max-image-preview":"max-image-preview:large","max-video-preview":"max-video-preview:-1"},"canonical":"https:\/\/memoryhit.com\/ca\/aviso-legal\/","og_locale":"ca_ES","og_type":"article","og_title":"Aviso Legal - memoryhit","og_description":"AVISO LEGAL &nbsp; En cumplimiento de la Ley 34\/2002, con \u00faltima actualizaci\u00f3n, 09\/05\/2023, de servicios de la sociedad de la informaci\u00f3n y de comercio electr\u00f3nico,\u00a0EIRO 2006 SL,\u00a0le informa que es [&hellip;]","og_url":"https:\/\/memoryhit.com\/ca\/aviso-legal\/","og_site_name":"memoryhit","twitter_card":"summary_large_image","twitter_misc":{"Temps estimat de lectura":"11 minuts"},"schema":{"@context":"https:\/\/schema.org","@graph":[{"@type":"WebPage","@id":"https:\/\/memoryhit.com\/ca\/aviso-legal\/","url":"https:\/\/memoryhit.com\/ca\/aviso-legal\/","name":"Aviso Legal - memoryhit","isPartOf":{"@id":"https:\/\/memoryhit.com\/ca\/#website"},"datePublished":"2025-05-14T08:13:59+00:00","breadcrumb":{"@id":"https:\/\/memoryhit.com\/ca\/aviso-legal\/#breadcrumb"},"inLanguage":"ca","potentialAction":[{"@type":"ReadAction","target":["https:\/\/memoryhit.com\/ca\/aviso-legal\/"]}]},{"@type":"BreadcrumbList","@id":"https:\/\/memoryhit.com\/ca\/aviso-legal\/#breadcrumb","itemListElement":[{"@type":"ListItem","position":1,"name":"Portada","item":"https:\/\/memoryhit.com\/ca\/inicio\/"},{"@type":"ListItem","position":2,"name":"Aviso Legal"}]},{"@type":"WebSite","@id":"https:\/\/memoryhit.com\/ca\/#website","url":"https:\/\/memoryhit.com\/ca\/","name":"Eiro Films","description":"","potentialAction":[{"@type":"SearchAction","target":{"@type":"EntryPoint","urlTemplate":"https:\/\/memoryhit.com\/ca\/?s={search_term_string}"},"query-input":{"@type":"PropertyValueSpecification","valueRequired":true,"valueName":"search_term_string"}}],"inLanguage":"ca"}]}},"_links":{"self":[{"href":"https:\/\/memoryhit.com\/ca\/wp-json\/wp\/v2\/pages\/282","targetHints":{"allow":["GET"]}}],"collection":[{"href":"https:\/\/memoryhit.com\/ca\/wp-json\/wp\/v2\/pages"}],"about":[{"href":"https:\/\/memoryhit.com\/ca\/wp-json\/wp\/v2\/types\/page"}],"author":[{"embeddable":true,"href":"https:\/\/memoryhit.com\/ca\/wp-json\/wp\/v2\/users\/2"}],"replies":[{"embeddable":true,"href":"https:\/\/memoryhit.com\/ca\/wp-json\/wp\/v2\/comments?post=282"}],"version-history":[{"count":0,"href":"https:\/\/memoryhit.com\/ca\/wp-json\/wp\/v2\/pages\/282\/revisions"}],"wp:attachment":[{"href":"https:\/\/memoryhit.com\/ca\/wp-json\/wp\/v2\/media?parent=282"}],"curies":[{"name":"wp","href":"https:\/\/api.w.org\/{rel}","templated":true}]}}